{"id":94,"date":"2022-02-28T19:09:20","date_gmt":"2022-02-28T19:09:20","guid":{"rendered":"https:\/\/www.fruvemex.com\/?post_type=product&#038;p=94"},"modified":"2023-05-30T21:41:00","modified_gmt":"2023-05-30T21:41:00","slug":"hot-pepper-jalapeno","status":"publish","type":"product","link":"https:\/\/fruvemex.com\/es\/product\/hot-pepper-jalapeno\/","title":{"rendered":"Jalape\u00f1o Hot Pepper"},"content":{"rendered":"\n<p>Jalape\u00f1o pepper is a medium-hot chili pepper that is commonly used in Mexican cuisine. It has a bright, grassy flavor with a mild to moderate heat level. Jalape\u00f1o peppers are a good source of vitamin C and other beneficial plant compounds. They are often used in dishes such as salsas, guacamole, and nachos. When selecting jalape\u00f1o peppers, look for ones that are firm, smooth, and free from blemishes or soft spots. Store jalape\u00f1o peppers in the refrigerator for up to a week. To prepare jalape\u00f1o peppers, remove the stem, seeds, and membranes, and then chop or slice the pepper as desired. Be careful when handling hot peppers as they can irritate the skin and eyes.<\/p>\n","protected":false},"featured_media":601,"template":"","group_products":[15],"process_products":[24,26,18,28],"cut_products":[20,29,34,21,32],"acf":[],"yoast_head":"<!-- This site is optimized with the Yoast SEO plugin v19.4 - https:\/\/yoast.com\/wordpress\/plugins\/seo\/ -->\n<title>Jalape\u00f1o Hot Pepper - Fruvemex<\/title>\n<meta name=\"robots\" content=\"index, follow, max-snippet:-1, max-image-preview:large, max-video-preview:-1\" \/>\n<link rel=\"canonical\" href=\"https:\/\/fruvemex.com\/es\/product\/hot-pepper-jalapeno\/\" \/>\n<meta property=\"og:locale\" content=\"es_MX\" \/>\n<meta property=\"og:type\" content=\"article\" \/>\n<meta property=\"og:title\" content=\"Jalape\u00f1o Hot Pepper - Fruvemex\" \/>\n<meta property=\"og:description\" content=\"Jalape\u00f1o pepper is a medium-hot chili pepper that is commonly used in Mexican cuisine. It has a bright, grassy flavor with a mild to moderate heat level. Jalape\u00f1o peppers are a good source of vitamin C and other beneficial plant compounds. They are often used in dishes such as salsas, guacamole, and nachos. When selecting [&hellip;]\" \/>\n<meta property=\"og:url\" content=\"https:\/\/fruvemex.com\/es\/product\/hot-pepper-jalapeno\/\" \/>\n<meta property=\"og:site_name\" content=\"Fruvemex\" \/>\n<meta property=\"article:publisher\" content=\"https:\/\/www.facebook.com\/fruvemex.mexicali\" \/>\n<meta property=\"article:modified_time\" content=\"2023-05-30T21:41:00+00:00\" \/>\n<meta property=\"og:image\" content=\"https:\/\/fruvemex.com\/wp-content\/uploads\/2022\/07\/istockphoto-183881115-612x612-1.jpg\" \/>\n\t<meta property=\"og:image:width\" content=\"612\" \/>\n\t<meta property=\"og:image:height\" content=\"428\" \/>\n\t<meta property=\"og:image:type\" content=\"image\/jpeg\" \/>\n<meta name=\"twitter:card\" content=\"summary_large_image\" \/>\n<meta name=\"twitter:label1\" content=\"Tiempo de lectura\" \/>\n\t<meta name=\"twitter:data1\" content=\"1 minuto\" \/>\n<script type=\"application\/ld+json\" class=\"yoast-schema-graph\">{\"@context\":\"https:\/\/schema.org\",\"@graph\":[{\"@type\":\"Organization\",\"@id\":\"https:\/\/fruvemex.com\/#organization\",\"name\":\"Fruvemex\",\"url\":\"https:\/\/fruvemex.com\/\",\"sameAs\":[\"https:\/\/www.facebook.com\/fruvemex.mexicali\"],\"logo\":{\"@type\":\"ImageObject\",\"inLanguage\":\"es-MX\",\"@id\":\"https:\/\/fruvemex.com\/#\/schema\/logo\/image\/\",\"url\":\"https:\/\/fruvemex.com\/wp-content\/uploads\/2023\/05\/logo3.png\",\"contentUrl\":\"https:\/\/fruvemex.com\/wp-content\/uploads\/2023\/05\/logo3.png\",\"width\":283,\"height\":184,\"caption\":\"Fruvemex\"},\"image\":{\"@id\":\"https:\/\/fruvemex.com\/#\/schema\/logo\/image\/\"}},{\"@type\":\"WebSite\",\"@id\":\"https:\/\/fruvemex.com\/#website\",\"url\":\"https:\/\/fruvemex.com\/\",\"name\":\"Fruvemex\",\"description\":\"IQF Fruit &amp; Vegetable Processors\",\"publisher\":{\"@id\":\"https:\/\/fruvemex.com\/#organization\"},\"potentialAction\":[{\"@type\":\"SearchAction\",\"target\":{\"@type\":\"EntryPoint\",\"urlTemplate\":\"https:\/\/fruvemex.com\/?s={search_term_string}\"},\"query-input\":\"required name=search_term_string\"}],\"inLanguage\":\"es-MX\"},{\"@type\":\"WebPage\",\"@id\":\"https:\/\/fruvemex.com\/product\/hot-pepper-jalapeno\/\",\"url\":\"https:\/\/fruvemex.com\/product\/hot-pepper-jalapeno\/\",\"name\":\"Jalape\u00f1o Hot Pepper - Fruvemex\",\"isPartOf\":{\"@id\":\"https:\/\/fruvemex.com\/#website\"},\"datePublished\":\"2022-02-28T19:09:20+00:00\",\"dateModified\":\"2023-05-30T21:41:00+00:00\",\"breadcrumb\":{\"@id\":\"https:\/\/fruvemex.com\/product\/hot-pepper-jalapeno\/#breadcrumb\"},\"inLanguage\":\"es-MX\",\"potentialAction\":[{\"@type\":\"ReadAction\",\"target\":[\"https:\/\/fruvemex.com\/product\/hot-pepper-jalapeno\/\"]}]},{\"@type\":\"BreadcrumbList\",\"@id\":\"https:\/\/fruvemex.com\/product\/hot-pepper-jalapeno\/#breadcrumb\",\"itemListElement\":[{\"@type\":\"ListItem\",\"position\":1,\"name\":\"Home\",\"item\":\"https:\/\/fruvemex.com\/\"},{\"@type\":\"ListItem\",\"position\":2,\"name\":\"Products\",\"item\":\"https:\/\/fruvemex.com\/product\/\"},{\"@type\":\"ListItem\",\"position\":3,\"name\":\"Jalape\u00f1o Hot Pepper\"}]}]}<\/script>\n<!-- \/ Yoast SEO plugin. -->","yoast_head_json":{"title":"Jalape\u00f1o Hot Pepper - Fruvemex","robots":{"index":"index","follow":"follow","max-snippet":"max-snippet:-1","max-image-preview":"max-image-preview:large","max-video-preview":"max-video-preview:-1"},"canonical":"https:\/\/fruvemex.com\/es\/product\/hot-pepper-jalapeno\/","og_locale":"es_MX","og_type":"article","og_title":"Jalape\u00f1o Hot Pepper - Fruvemex","og_description":"Jalape\u00f1o pepper is a medium-hot chili pepper that is commonly used in Mexican cuisine. It has a bright, grassy flavor with a mild to moderate heat level. Jalape\u00f1o peppers are a good source of vitamin C and other beneficial plant compounds. They are often used in dishes such as salsas, guacamole, and nachos. When selecting [&hellip;]","og_url":"https:\/\/fruvemex.com\/es\/product\/hot-pepper-jalapeno\/","og_site_name":"Fruvemex","article_publisher":"https:\/\/www.facebook.com\/fruvemex.mexicali","article_modified_time":"2023-05-30T21:41:00+00:00","og_image":[{"width":612,"height":428,"url":"https:\/\/fruvemex.com\/wp-content\/uploads\/2022\/07\/istockphoto-183881115-612x612-1.jpg","type":"image\/jpeg"}],"twitter_card":"summary_large_image","twitter_misc":{"Tiempo de lectura":"1 minuto"},"schema":{"@context":"https:\/\/schema.org","@graph":[{"@type":"Organization","@id":"https:\/\/fruvemex.com\/#organization","name":"Fruvemex","url":"https:\/\/fruvemex.com\/","sameAs":["https:\/\/www.facebook.com\/fruvemex.mexicali"],"logo":{"@type":"ImageObject","inLanguage":"es-MX","@id":"https:\/\/fruvemex.com\/#\/schema\/logo\/image\/","url":"https:\/\/fruvemex.com\/wp-content\/uploads\/2023\/05\/logo3.png","contentUrl":"https:\/\/fruvemex.com\/wp-content\/uploads\/2023\/05\/logo3.png","width":283,"height":184,"caption":"Fruvemex"},"image":{"@id":"https:\/\/fruvemex.com\/#\/schema\/logo\/image\/"}},{"@type":"WebSite","@id":"https:\/\/fruvemex.com\/#website","url":"https:\/\/fruvemex.com\/","name":"Fruvemex","description":"IQF Fruit &amp; Vegetable Processors","publisher":{"@id":"https:\/\/fruvemex.com\/#organization"},"potentialAction":[{"@type":"SearchAction","target":{"@type":"EntryPoint","urlTemplate":"https:\/\/fruvemex.com\/?s={search_term_string}"},"query-input":"required name=search_term_string"}],"inLanguage":"es-MX"},{"@type":"WebPage","@id":"https:\/\/fruvemex.com\/product\/hot-pepper-jalapeno\/","url":"https:\/\/fruvemex.com\/product\/hot-pepper-jalapeno\/","name":"Jalape\u00f1o Hot Pepper - Fruvemex","isPartOf":{"@id":"https:\/\/fruvemex.com\/#website"},"datePublished":"2022-02-28T19:09:20+00:00","dateModified":"2023-05-30T21:41:00+00:00","breadcrumb":{"@id":"https:\/\/fruvemex.com\/product\/hot-pepper-jalapeno\/#breadcrumb"},"inLanguage":"es-MX","potentialAction":[{"@type":"ReadAction","target":["https:\/\/fruvemex.com\/product\/hot-pepper-jalapeno\/"]}]},{"@type":"BreadcrumbList","@id":"https:\/\/fruvemex.com\/product\/hot-pepper-jalapeno\/#breadcrumb","itemListElement":[{"@type":"ListItem","position":1,"name":"Home","item":"https:\/\/fruvemex.com\/"},{"@type":"ListItem","position":2,"name":"Products","item":"https:\/\/fruvemex.com\/product\/"},{"@type":"ListItem","position":3,"name":"Jalape\u00f1o Hot Pepper"}]}]}},"_links":{"self":[{"href":"https:\/\/fruvemex.com\/es\/wp-json\/wp\/v2\/product\/94"}],"collection":[{"href":"https:\/\/fruvemex.com\/es\/wp-json\/wp\/v2\/product"}],"about":[{"href":"https:\/\/fruvemex.com\/es\/wp-json\/wp\/v2\/types\/product"}],"version-history":[{"count":1,"href":"https:\/\/fruvemex.com\/es\/wp-json\/wp\/v2\/product\/94\/revisions"}],"predecessor-version":[{"id":727,"href":"https:\/\/fruvemex.com\/es\/wp-json\/wp\/v2\/product\/94\/revisions\/727"}],"wp:featuredmedia":[{"embeddable":true,"href":"https:\/\/fruvemex.com\/es\/wp-json\/wp\/v2\/media\/601"}],"wp:attachment":[{"href":"https:\/\/fruvemex.com\/es\/wp-json\/wp\/v2\/media?parent=94"}],"wp:term":[{"taxonomy":"group_products","embeddable":true,"href":"https:\/\/fruvemex.com\/es\/wp-json\/wp\/v2\/group_products?post=94"},{"taxonomy":"process_products","embeddable":true,"href":"https:\/\/fruvemex.com\/es\/wp-json\/wp\/v2\/process_products?post=94"},{"taxonomy":"cut_products","embeddable":true,"href":"https:\/\/fruvemex.com\/es\/wp-json\/wp\/v2\/cut_products?post=94"}],"curies":[{"name":"wp","href":"https:\/\/api.w.org\/{rel}","templated":true}]}}